{"id":1840,"date":"2021-04-22T11:02:21","date_gmt":"2021-04-22T09:02:21","guid":{"rendered":"http:\/\/merle-buehrer.de\/gs\/?page_id=1840"},"modified":"2021-05-20T10:46:14","modified_gmt":"2021-05-20T08:46:14","slug":"uebersicht","status":"publish","type":"page","link":"https:\/\/merle-buehrer.de\/gs\/uebersicht\/","title":{"rendered":"\u00dcbersicht 2021"},"content":{"rendered":"\n<div class=\"nojs\">Diese Seite funktioniert nur mit aktiviertem Javascript. Bitte aktivieren Sie Javascript in Ihrem Browser oder benutzen Sie die Standardseiten dieses Blogs. Weiter zur <a href=\"https:\/\/merle-buehrer.de\/gs\">Homepage<\/a> &#8230;<\/div>\n\n<div class=\"jsfound\" style=\"display:none\">\n<div style=\"font-size:75%; margin-bottom:20px\">Diese Seite ist noch im Bau! Die Suche funktioniert <bold>nur<\/bold> f\u00fcr Posts im Jahr 2021. F\u00fcr fr\u00fchere Posts bitte die Suche am oberen Seitenrand benutzen. Und bei Fehlern: bitte nicht aufregen!<\/div>\n<form class=\"search-form\" id=\"smf_form\" action=\"https:\/\/merle-buehrer.de\/gs\/wp-admin\/admin-ajax.php\" method=\"get\" role=\"search\" style=\"display: block;\"><input type=\"search\" id=\"smf_search\" name=\"s\" placeholder=\"Suchen...\" autocomplete=\"off\" \/><select id=\"smf_month\" name=\"m\"><option value=\"0\"><\/option><option value=\"1\">Jan<\/option><option value=\"2\">Feb<\/option><option value=\"3\">Mar<\/option><option value=\"4\">Apr<\/option><option value=\"5\">Mai<\/option><option value=\"6\">Jun<\/option><option value=\"7\">Jul<\/option><option value=\"8\">Aug<\/option><option value=\"9\">Sep<\/option><option value=\"10\">Okt<\/option><option value=\"11\">Nov<\/option><option value=\"12\">Dez<\/option><\/select><input type=\"hidden\" name=\"action\" value=\"smf_refresh\"\/><button id=\"smf_submit\" class=\"search-submit\" aria-label=\"Suchen\"><span class=\"gp-icon icon-search\"><svg viewBox=\"0 0 512 512\" aria-hidden=\"true\" role=\"img\" version=\"1.1\" xmlns=\"http:\/\/www.w3.org\/2000\/svg\" xmlns:xlink=\"http:\/\/www.w3.org\/1999\/xlink\" width=\"1em\" height=\"1em\"><path fill-rule=\"evenodd\" clip-rule=\"evenodd\" d=\"M208 48c-88.366 0-160 71.634-160 160s71.634 160 160 160 160-71.634 160-160S296.366 48 208 48zM0 208C0 93.125 93.125 0 208 0s208 93.125 208 208c0 48.741-16.765 93.566-44.843 129.024l133.826 134.018c9.366 9.379 9.355 24.575-.025 33.941-9.379 9.366-24.575 9.355-33.941-.025L337.238 370.987C301.747 399.167 256.839 416 208 416 93.125 416 0 322.875 0 208z\"><\/path><\/svg><\/span><\/button><\/form><div id=\"cover-spin\"><\/div><div class=\"target\" id=\"smf_posts\"><div class=\"navi\"><button class=\"right navbtn\" data-page=\"2\">&gt;<\/button><\/div><div class=\"lposts\"><div class=\"lpost\" data-pid=\"3922\"><a href=\"https:\/\/merle-buehrer.de\/gs\/2022\/01\/31\/makkaroni-kaese-schluss\/\" target=\"_blank\"><img loading=\"lazy\" decoding=\"async\" src=\"https:\/\/merle-buehrer.de\/gs\/wp-content\/uploads\/2022\/01\/macncheeselight-150x150.jpg\" width=\"150\" height=\"150\" \/><\/a><div class=\"collapsible\">Tagebuch<\/div><div class=\"content\"><ul><li>Penne and Cheese mit ger\u00f6stetem Blumenkohl, Erbsen und Spinat ( \ud83c\udf36 <a rel=\"noreferrer noopener\" href=\"https:\/\/chili-und-ciabatta.de\/2022\/01\/penne-and-cheese-mit-geroestetem-blumenkohl-erbsen-und-spinat\/\" target=\"_blank\">Chili &amp; Ciabatta<\/a>)<\/li><\/ul><\/div><a href=\"https:\/\/merle-buehrer.de\/gs\/2022\/01\/31\/makkaroni-kaese-schluss\/\" target=\"_blank\"><div class =\"title\">31.01 Makkaroni, K\u00e4se, Schluss<\/div><\/a><\/div><div class=\"lpost\" data-pid=\"3905\"><a href=\"https:\/\/merle-buehrer.de\/gs\/2022\/01\/30\/steckruebe-kichererbsen-tomatensaft\/\" target=\"_blank\"><img loading=\"lazy\" decoding=\"async\" src=\"https:\/\/merle-buehrer.de\/gs\/wp-content\/uploads\/2022\/01\/steckruebeorientalisch-150x150.jpg\" width=\"150\" height=\"150\" \/><\/a><div class=\"collapsible\">Tagebuch<\/div><div class=\"content\"><ul><li>Orientalischer Steckr\u00fcben-Eintopf mit Kichererbsen (Saisonal schmeckt besser, von <a rel=\"noreferrer noopener\" href=\"https:\/\/kuechenlatein.com\/steckrueben-eintopf-mit-kichererbsen\/\" target=\"_blank\">kuechenlatein.com<\/a>)<\/li><li>Frisch gebackenes Mischbrot (obwohl die Kichererbsen nat\u00fcrlich auch reichen, aber ich musste das Brot halt dringend probieren)<\/li><\/ul><\/div><a href=\"https:\/\/merle-buehrer.de\/gs\/2022\/01\/30\/steckruebe-kichererbsen-tomatensaft\/\" target=\"_blank\"><div class =\"title\">30.01 Steckr\u00fcbe, Kichererbsen, Tomatensaft<\/div><\/a><\/div><div class=\"lpost\" data-pid=\"3898\"><a href=\"https:\/\/merle-buehrer.de\/gs\/2022\/01\/29\/pilze-pasta-salat\/\" target=\"_blank\"><img loading=\"lazy\" decoding=\"async\" src=\"https:\/\/merle-buehrer.de\/gs\/wp-content\/uploads\/2022\/01\/pilzbolognese-150x150.jpg\" width=\"150\" height=\"150\" \/><\/a><div class=\"collapsible\">Tagebuch<\/div><div class=\"content\"><ul><li>Pilz-Bolognese vegetarisch (eine einfache \"Bolognese\" aus Pilzen und Soffrito von <a rel=\"noreferrer noopener\" href=\"https:\/\/ellerepublic.de\/pilz-bolognese\/\" target=\"_blank\">ellerepublic.de<\/a>; als Vergleich zur deutlich aufw\u00e4ndigeren Version von <a href=\"https:\/\/merle-buehrer.de\/gs\/2021\/12\/24\/ragu-pasta-salat\/\" data-type=\"post\" data-id=\"3659\">Ottolenghi<\/a>)<\/li><li>Farfalle<\/li><li>Gemischter Salat <\/li><\/ul><\/div><a href=\"https:\/\/merle-buehrer.de\/gs\/2022\/01\/29\/pilze-pasta-salat\/\" target=\"_blank\"><div class =\"title\">29.01 Pilze, Pasta, Salat<\/div><\/a><\/div><div class=\"lpost\" data-pid=\"3886\"><a href=\"https:\/\/merle-buehrer.de\/gs\/2022\/01\/28\/schnitzel-kartoffel-salat\/\" target=\"_blank\"><img loading=\"lazy\" decoding=\"async\" src=\"https:\/\/merle-buehrer.de\/gs\/wp-content\/uploads\/2022\/01\/schweinkartoffelsalat-150x150.jpg\" width=\"150\" height=\"150\" \/><\/a><div class=\"collapsible\">Tagebuch<\/div><div class=\"content\"><ul><li>Schnitzel  \"Wiener Art\" aus Schweinefilet<\/li><li>Feldsalat mit allem, was im K\u00fchlschrank liegt (morgen ist Markt!)<\/li><li>Bamberger H\u00f6rnchen wie immer (weil besser geht nicht)<\/li><\/ul><\/div><a href=\"https:\/\/merle-buehrer.de\/gs\/2022\/01\/28\/schnitzel-kartoffel-salat\/\" target=\"_blank\"><div class =\"title\">28.01 Schnitzel, Kartoffel, Salat<\/div><\/a><\/div><div class=\"lpost\" data-pid=\"3888\"><a href=\"https:\/\/merle-buehrer.de\/gs\/2022\/01\/27\/spaetzle-pilze-kalbsrahmsauce\/\" target=\"_blank\"><img loading=\"lazy\" decoding=\"async\" src=\"https:\/\/merle-buehrer.de\/gs\/wp-content\/uploads\/2022\/01\/kalbsrahmschwein-150x150.jpg\" width=\"150\" height=\"150\" \/><\/a><div class=\"collapsible\">Tagebuch<\/div><div class=\"content\"><ul><li>Geschnetzeltes Schweinefilet (nach <a rel=\"noreferrer noopener\" href=\"https:\/\/www.essen-und-trinken.de\/rezepte\/46652-rzpt-kalbsgeschnetzeltes\" target=\"_blank\">diesem Rezept<\/a> in e&amp;t, und <a rel=\"noreferrer noopener\" href=\"https:\/\/www.essen-und-trinken.de\/rezepte\/46651-rzpt-helle-kalbsrahmsauce\" target=\"_blank\">hier haben sie jetzt die Kalbsrahmsauce<\/a> versteckt)<\/li><li>Sp\u00e4tzle<\/li><li>Feldsalat<\/li><\/ul><\/div><a href=\"https:\/\/merle-buehrer.de\/gs\/2022\/01\/27\/spaetzle-pilze-kalbsrahmsauce\/\" target=\"_blank\"><div class =\"title\">27.01 Sp\u00e4tzle, Pilze, Kalbsrahmsauce<\/div><\/a><\/div><div class=\"lpost\" data-pid=\"3880\"><a href=\"https:\/\/merle-buehrer.de\/gs\/2022\/01\/26\/lauch-kartoffeln-hack\/\" target=\"_blank\"><img loading=\"lazy\" decoding=\"async\" src=\"https:\/\/merle-buehrer.de\/gs\/wp-content\/uploads\/2022\/01\/finnischepfanne-150x150.jpg\" width=\"150\" height=\"150\" \/><\/a><div class=\"collapsible\">Tagebuch<\/div><div class=\"content\"><ul><li>Lihasipulikeitto - Finnischer Lauch-Hackfleischeintopf (<a href=\"https:\/\/magentratzerl.de\/2022\/01\/22\/lihasipulikeitto-finnischer-lauch-hackfleischeintopf\/\" target=\"_blank\" rel=\"noreferrer noopener\">magentratzerl.de<\/a>)<\/li><\/ul><\/div><a href=\"https:\/\/merle-buehrer.de\/gs\/2022\/01\/26\/lauch-kartoffeln-hack\/\" target=\"_blank\"><div class =\"title\">26.01 Lauch, Kartoffeln, Hack<\/div><\/a><\/div><div class=\"lpost\" data-pid=\"3874\"><a href=\"https:\/\/merle-buehrer.de\/gs\/2022\/01\/25\/speck-rosenkohl-pasta\/\" target=\"_blank\"><img loading=\"lazy\" decoding=\"async\" src=\"https:\/\/merle-buehrer.de\/gs\/wp-content\/uploads\/2022\/01\/rosenkohlpasta-150x150.jpg\" width=\"150\" height=\"150\" \/><\/a><div class=\"collapsible\">Tagebuch<\/div><div class=\"content\"><ul><li>Pasta mit Rosenkohl und Speck (<a rel=\"noreferrer noopener\" href=\"https:\/\/ellerepublic.de\/pasta-mit-rosenkohl-und-speck\/\" target=\"_blank\">elle republic<\/a>) - und viel Knoblauch, Rosmarin, Chili und Zitrone. Daf\u00fcr k\u00f6nnte ich ein paar \"sch\u00f6ne\" W\u00f6rter gebrauchen<\/li><li>Buttermilch-Mousse mit Blutorangen (bei <a rel=\"noreferrer noopener\" href=\"http:\/\/www.foolforfood.de\/index.php\/nachtisch\/rezept-buttermilchmousse\" target=\"_blank\">Fool for Food<\/a>) <\/li><\/ul><\/div><a href=\"https:\/\/merle-buehrer.de\/gs\/2022\/01\/25\/speck-rosenkohl-pasta\/\" target=\"_blank\"><div class =\"title\">25.01 Speck, Rosenkohl, Pasta<\/div><\/a><\/div><div class=\"lpost\" data-pid=\"3865\"><a href=\"https:\/\/merle-buehrer.de\/gs\/2022\/01\/24\/schweinebaeckchen-knoedel-reste\/\" target=\"_blank\"><img loading=\"lazy\" decoding=\"async\" src=\"https:\/\/merle-buehrer.de\/gs\/wp-content\/uploads\/2022\/01\/schwbaeckchenreste-150x150.png\" width=\"150\" height=\"150\" \/><\/a><div class=\"collapsible\">Tagebuch<\/div><div class=\"content\"><ul><li><a href=\"https:\/\/merle-buehrer.de\/gs\/2022\/01\/22\/schweinebaeckchen-knoedel-bohnen\/\" data-type=\"post\" data-id=\"3857\" target=\"_blank\" rel=\"noreferrer noopener\">Schweineb\u00e4ckchen <\/a>m\u00fcssen ja wie alle Schmorgerichte aufgew\u00e4rmt werden<\/li><li>Semmelkn\u00f6del schadet es nicht angebraten zu werden<\/li><li><a href=\"https:\/\/merle-buehrer.de\/gs\/2011\/08\/17\/gemusebeet-entrumpelungs-woche\/\" data-type=\"post\" data-id=\"144\" target=\"_blank\" rel=\"noreferrer noopener\">Bohnen <\/a>jetzt mit Rosmarin, Speck und getrockneten Tomaten<\/li><li>Feldsalat auch mit Speck (weil nicht vegan)<\/li><\/ul><\/div><a href=\"https:\/\/merle-buehrer.de\/gs\/2022\/01\/24\/schweinebaeckchen-knoedel-reste\/\" target=\"_blank\"><div class =\"title\">24.01 Schweineb\u00e4ckchen, Kn\u00f6del, Reste<\/div><\/a><\/div><div class=\"lpost\" data-pid=\"3859\"><a href=\"https:\/\/merle-buehrer.de\/gs\/2022\/01\/23\/hummus-pilze-fladenbrot\/\" target=\"_blank\"><img loading=\"lazy\" decoding=\"async\" src=\"https:\/\/merle-buehrer.de\/gs\/wp-content\/uploads\/2022\/01\/hummusknoblauchpilze-150x150.jpg\" width=\"150\" height=\"150\" \/><\/a><div class=\"collapsible\">Tagebuch<\/div><div class=\"content\"><ul><li>Hummus mit konfiertem Knoblauch und gegrillten Pilzen (ein Flavour-Ottolenghi,&nbsp;<a rel=\"noreferrer noopener\" href=\"https:\/\/4passionfood.com\/en\/recipe\/confit-garlic-hummus-with-grilled-mushrooms-ottolenghi\/\" target=\"_blank\">hier&nbsp;<\/a>und&nbsp;<a rel=\"noreferrer noopener\" href=\"https:\/\/forward.com\/food\/457456\/confit-garlic-hummus-with-grilled-mushrooms\/\" target=\"_blank\">hier&nbsp;<\/a>auf Englisch,&nbsp;<a rel=\"noreferrer noopener\" href=\"http:\/\/merle-buehrer.de\/gs\/wp-content\/uploads\/2021\/05\/HummusKnoblauch.pdf\" target=\"_blank\">hier&nbsp;<\/a>mein PDF)<\/li><li>Fladenbrot<\/li><li>Feldsalat mit K\u00fcrbiskern-Vinaigrette und Croutons<\/li><\/ul><\/div><a href=\"https:\/\/merle-buehrer.de\/gs\/2022\/01\/23\/hummus-pilze-fladenbrot\/\" target=\"_blank\"><div class =\"title\">23.01 Hummus, Pilze, Fladenbrot<\/div><\/a><\/div><div class=\"lpost\" data-pid=\"3857\"><a href=\"https:\/\/merle-buehrer.de\/gs\/2022\/01\/22\/schweinebaeckchen-knoedel-bohnen\/\" target=\"_blank\"><img loading=\"lazy\" decoding=\"async\" src=\"https:\/\/merle-buehrer.de\/gs\/wp-content\/uploads\/2022\/01\/schweinebaeckchen-150x150.jpg\" width=\"150\" height=\"150\" \/><\/a><div class=\"collapsible\">Tagebuch<\/div><div class=\"content\"><ul><li>Geschmorte Schweineb\u00e4ckchen in Rosmarin-Mandel-Butter (Christian J\u00fcrgens im <a rel=\"noreferrer noopener\" href=\"https:\/\/sz-magazin.sueddeutsche.de\/das-kochquartett\/geschmorte-schweinebaeckchen-in-rosmarin-mandel-butter-80945\" target=\"_blank\">SZ-Magazin<\/a>)<\/li><li>Semmelkn\u00f6del<\/li><li>Gr\u00fcne Bohnen mit Piment\u00f3n de la Vera (ich habe jetzt zwei Links auf dieses Rezept hier im Blog, die nicht mehr funktionieren, ich lass das jetzt)<\/li><\/ul><\/div><a href=\"https:\/\/merle-buehrer.de\/gs\/2022\/01\/22\/schweinebaeckchen-knoedel-bohnen\/\" target=\"_blank\"><div class =\"title\">22.01 Schweineb\u00e4ckchen, Kn\u00f6del, Bohnen<\/div><\/a><\/div><div class=\"lpost\" data-pid=\"3850\"><a href=\"https:\/\/merle-buehrer.de\/gs\/2022\/01\/21\/gruenkohl-pasta-parmesan\/\" target=\"_blank\"><img loading=\"lazy\" decoding=\"async\" src=\"https:\/\/merle-buehrer.de\/gs\/wp-content\/uploads\/2022\/01\/gruenkohlpasta-150x150.jpg\" width=\"150\" height=\"150\" \/><\/a><div class=\"collapsible\">Tagebuch<\/div><div class=\"content\"><ul><li>Gr\u00fcnkohl-Pasta (nach einem&nbsp;<a rel=\"noreferrer noopener\" href=\"https:\/\/www.daserste.de\/unterhaltung\/koch-show\/tim-maelzer-kocht\/rezepte\/gruenkohl-pasta-100.html\" target=\"_blank\">Rezept von Tim M\u00e4lzer<\/a>)<\/li><\/ul><\/div><a href=\"https:\/\/merle-buehrer.de\/gs\/2022\/01\/21\/gruenkohl-pasta-parmesan\/\" target=\"_blank\"><div class =\"title\">21.01 Gr\u00fcnkohl, Pasta, Parmesan<\/div><\/a><\/div><div class=\"lpost\" data-pid=\"3836\"><a href=\"https:\/\/merle-buehrer.de\/gs\/2022\/01\/20\/bamberger-hoernchen-zwiebeln-misobutter\/\" target=\"_blank\"><img loading=\"lazy\" decoding=\"async\" src=\"https:\/\/merle-buehrer.de\/gs\/wp-content\/uploads\/2022\/01\/bambergmisofenchel-150x150.jpg\" width=\"150\" height=\"150\" \/><\/a><div class=\"collapsible\">Tagebuch<\/div><div class=\"content\"><ul><li>Bamberger H\u00f6rnchen (schrubben, kochen, in Butter braten)<\/li><li>Zwiebeln in Miso-Butter (Ottolenghi, Flavour, 258; \u00fcberall im Netz - z.B. <a rel=\"noreferrer noopener\" href=\"https:\/\/www.highfoodality.de\/rezepte\/appetizer\/geschmorte-zwiebeln-mit-misobutter\/\" target=\"_blank\">Uwe <\/a>oder <a rel=\"noreferrer noopener\" href=\"https:\/\/katisrezeptgeschichten.com\/2022\/01\/zwiebeln-in-misobutter.html\" target=\"_blank\">Kati<\/a>)<\/li><li>Fenchel-Orangen-Salat (Anregungen z.B. beim <a rel=\"noreferrer noopener\" href=\"https:\/\/www.swrfernsehen.de\/marktcheck\/fenchel-orangen-salat-rezept-100.html\" target=\"_blank\">SWR<\/a>, bei <a rel=\"noreferrer noopener\" href=\"https:\/\/www.eatbetter.de\/rezepte\/fenchel-orangen-salat-fruchtig-lecker\" target=\"_blank\">eatbetter.de<\/a> oder <a rel=\"noreferrer noopener\" href=\"http:\/\/www.mamas-rezepte.de\/rezept_Fenchel___Orangensalat-14-1507.html\" target=\"_blank\">mamas-rezepte.de<\/a>)<\/li><li>(Gott sei Dank) immer noch Orangen-Buttermilch-Mousse<\/li><\/ul><\/div><a href=\"https:\/\/merle-buehrer.de\/gs\/2022\/01\/20\/bamberger-hoernchen-zwiebeln-misobutter\/\" target=\"_blank\"><div class =\"title\">20.01 Bamberger H\u00f6rnchen, Zwiebeln, Misobutter<\/div><\/a><\/div><div class=\"lpost\" data-pid=\"3829\"><a href=\"https:\/\/merle-buehrer.de\/gs\/2022\/01\/19\/risotto-fenchel-ziegenkaese-2\/\" target=\"_blank\"><img loading=\"lazy\" decoding=\"async\" src=\"https:\/\/merle-buehrer.de\/gs\/wp-content\/uploads\/2022\/01\/risottofenchel-150x150.jpg\" width=\"150\" height=\"150\" \/><\/a><div class=\"collapsible\">Tagebuch<\/div><div class=\"content\"><ul><li>Risotto (fast) milanese (zu kalt um Markknochen kaufen zu gehen )<\/li><li>Karamellisierter Fenchel mit Ziegenquark (von Ottolenghi, Rezept z.B. Bei <a rel=\"noreferrer noopener\" href=\"http:\/\/www.kleineisel.de\/blogs\/index.php\/brotundrosen\/2013\/03\/11\/genialst-karamelisierter-fenchel-mit-ziegenquark\" target=\"_blank\">Petra<\/a>, Ziegenk\u00e4se mit Joghurt gemischt schmeckt auch)<\/li><li>Buttermilch-Mousse mit Blutorangen (bei <a rel=\"noreferrer noopener\" href=\"http:\/\/www.foolforfood.de\/index.php\/nachtisch\/rezept-buttermilchmousse\" target=\"_blank\">Fool for Food<\/a>) <\/li><\/ul><\/div><a href=\"https:\/\/merle-buehrer.de\/gs\/2022\/01\/19\/risotto-fenchel-ziegenkaese-2\/\" target=\"_blank\"><div class =\"title\">19.01 Risotto, Fenchel, Ziegenk\u00e4se<\/div><\/a><\/div><div class=\"lpost\" data-pid=\"3823\"><a href=\"https:\/\/merle-buehrer.de\/gs\/2022\/01\/18\/schupfnudeln-spitzkohl-meerrettich\/\" target=\"_blank\"><img loading=\"lazy\" decoding=\"async\" src=\"https:\/\/merle-buehrer.de\/gs\/wp-content\/uploads\/2022\/01\/schupfnudelnspitzkohl-150x150.jpg\" width=\"150\" height=\"150\" \/><\/a><a href=\"https:\/\/merle-buehrer.de\/gs\/2022\/01\/18\/schupfnudeln-spitzkohl-meerrettich\/\" target=\"_blank\"><div class =\"title\">18.01 Schupfnudeln, Spitzkohl, Meerrettich<\/div><\/a><\/div><div class=\"lpost\" data-pid=\"3817\"><a href=\"https:\/\/merle-buehrer.de\/gs\/2022\/01\/17\/pasta-tomatensauce-gurkensalat\/\" target=\"_blank\"><img loading=\"lazy\" decoding=\"async\" src=\"https:\/\/merle-buehrer.de\/gs\/wp-content\/uploads\/2022\/01\/tomatenpastagurke-150x150.jpg\" width=\"150\" height=\"150\" \/><\/a><div class=\"collapsible\">Tagebuch<\/div><div class=\"content\"><ul><li>Tomatensauce (Jamie Oliver \u2013&nbsp;<a rel=\"noreferrer noopener\" href=\"https:\/\/www.sueddeutsche.de\/leben\/die-perfekte-tomatensosse-jamie-oliver-sugo-meister-1.1004108\" target=\"_blank\">SZ vom 24. September 2010<\/a>)<\/li><li>Spaghetti <\/li><li>Gurken-(Tomaten-)Salat<\/li><\/ul><\/div><a href=\"https:\/\/merle-buehrer.de\/gs\/2022\/01\/17\/pasta-tomatensauce-gurkensalat\/\" target=\"_blank\"><div class =\"title\">17.01 Pasta, Tomatensauce, Gurkensalat<\/div><\/a><\/div><\/div><div class=\"navi\"><button class=\"right navbtn\" data-page=\"2\">&gt;<\/button><\/div><\/div>\n<\/div>\n","protected":false},"excerpt":{"rendered":"<p>Diese Seite funktioniert nur mit aktiviertem Javascript. Bitte aktivieren Sie Javascript in Ihrem Browser oder benutzen Sie die Standardseiten dieses Blogs. Weiter zur &#8230; Diese Seite ist noch im Bau! Die Suche funktioniert nur f\u00fcr Posts im Jahr 2021. F\u00fcr fr\u00fchere Posts bitte die Suche am oberen Seitenrand benutzen. Und bei Fehlern: bitte nicht aufregen!<\/p>\n","protected":false},"author":1,"featured_media":0,"parent":0,"menu_order":0,"comment_status":"closed","ping_status":"closed","template":"","meta":{"footnotes":""},"class_list":["post-1840","page","type-page","status-publish","hentry"],"_links":{"self":[{"href":"https:\/\/merle-buehrer.de\/gs\/wp-json\/wp\/v2\/pages\/1840","targetHints":{"allow":["GET"]}}],"collection":[{"href":"https:\/\/merle-buehrer.de\/gs\/wp-json\/wp\/v2\/pages"}],"about":[{"href":"https:\/\/merle-buehrer.de\/gs\/wp-json\/wp\/v2\/types\/page"}],"author":[{"embeddable":true,"href":"https:\/\/merle-buehrer.de\/gs\/wp-json\/wp\/v2\/users\/1"}],"replies":[{"embeddable":true,"href":"https:\/\/merle-buehrer.de\/gs\/wp-json\/wp\/v2\/comments?post=1840"}],"version-history":[{"count":10,"href":"https:\/\/merle-buehrer.de\/gs\/wp-json\/wp\/v2\/pages\/1840\/revisions"}],"predecessor-version":[{"id":2077,"href":"https:\/\/merle-buehrer.de\/gs\/wp-json\/wp\/v2\/pages\/1840\/revisions\/2077"}],"wp:attachment":[{"href":"https:\/\/merle-buehrer.de\/gs\/wp-json\/wp\/v2\/media?parent=1840"}],"curies":[{"name":"wp","href":"https:\/\/api.w.org\/{rel}","templated":true}]}}