{"id":2,"date":"2010-10-10T17:45:14","date_gmt":"2010-10-10T17:45:14","guid":{"rendered":"http:\/\/www.merle-buehrer.de\/gs\/?page_id=2"},"modified":"2025-06-04T21:14:53","modified_gmt":"2025-06-04T19:14:53","slug":"about","status":"publish","type":"page","link":"https:\/\/merle-buehrer.de\/gs\/about\/","title":{"rendered":"About"},"content":{"rendered":"<p>Ein unregelm\u00e4\u00dfiger privater Blog \u00fcber Garten und K\u00fcche und Essen und Trinken.<\/p>\n<p>Impressum Herausgeber und inhaltlich Verantwortlicher gem\u00e4\u00df \u00a76 TDG, \u00a710 MDStV, V.i.S.d.P:<\/p>\n<p>Michael B\u00fchrer<br \/>\nRehrhofer Weg 4<br \/>\nD-29633 Munster<\/p>\n<p>Mail: mibu (at) merle-buehrer (dot) de<\/p>\n<p>Es ist nicht meine Absicht, andere zu \u00fcbervorteilen, verletzen oder in anderer Weise zu sch\u00e4digen. Falls ich in Ihren Augen unabsichtlich von diesem Vorsatz abgewichen sein sollte, m\u00f6chte ich Sie bitten, sich unter der obigen e-Mail-Adresse zu melden.<\/p>\n<p>F\u00fcr Inhalte der extern verlinkten Seiten sowie von Kommentaren anderer Leser oder Benutzer \u00fcbernehme ich keine Verantwortung. Deswegen behalte ich mir vor, unfreundliche oder respektlose Kommentare ohne Benachrichtigung zu l\u00f6schen. Trotz sorgf\u00e4ltiger inhaltlicher Kontrolle \u00fcbernehme ich keine Haftung f\u00fcr die Inhalte externer Links. F\u00fcr den Inhalt der verlinkten Seiten sind ausschlie\u00dflich deren Betreiber verantwortlich.<\/p>\n<h2>Datenschutz-Erkl\u00e4rung<\/h2>\n<p>Diese Datenschutz-Erkl\u00e4rung soll die Leser dieses Blogs dar\u00fcber informieren, welche personenbezogenen Daten abgefragt werden und wo sie wie gespeichert oder an andere Stellen weitergeleitet werden.<\/p>\n<h3>Grunds\u00e4tzliches<\/h3>\n<ul>\n<li>Mein Blog ist privat und verfolgt keinerlei kommerziellen Interessen<\/li>\n<li>Falls Sie von mir unbeabsichtigte\u00a0 Verst\u00f6\u00dfe gegen die Bestimmungen der DSVOG bemerken sollten, informieren Sie mich bitte mit einer kurzen Mitteilung an obige Email-Adresse. Ich werde umgehend f\u00fcr Abhilfe sorgen.<\/li>\n<\/ul>\n<h3>Pers\u00f6nliche Daten<\/h3>\n<ul>\n<li>Seit Ende 2020 werden keinerlei pers\u00f6nliche Daten mehr gespeichert<\/li>\n<li>Die Benutzer, die sich f\u00fcr eine Email-Benachrichtigung bei neuen Beitr\u00e4gen registriert hatten, werden gebeten die RSS-Funktionen zu benutzen<\/li>\n<li>Kommentare k\u00f6nnen im Moment ohne Angabe von Namen oder Email-Adressen verfasst werden. Falls sich dadurch die Anzahl der Spam-Kommentare massiv erh\u00f6ht, k\u00f6nnte die Pflicht wieder eingef\u00fchrt werden. Die dabei erhobenen Email-Adressen werden aber nicht ver\u00f6ffentlicht und verschl\u00fcsselt abgespeichert.<\/li>\n<\/ul>\n<h3>Cookies<\/h3>\n<ul>\n<li>Der Blog wird mit WordPress betrieben und benutzt &#8211; soweit ich das \u00fcbersehen kann &#8211; nur nur sogenannte &#8222;Session-Cookies&#8220;, die nur w\u00e4hrend einer &#8222;Sitzung&#8220; gespeichert werden und au\u00dfer dem aktuellen Zustand der Sitzung keinerlei Informationen beinhalten<\/li>\n<li>Der Blog erfasst keine Statistik-Daten (wie etwa Google-Analytics). Der Webseitenbetreiber erfasst allerdings alle Zugriffe mit Datum\/Uhrzeit und IP-Adresse. Diese Daten werden regelm\u00e4\u00dfig nach 14 Tagen gel\u00f6scht.<\/li>\n<li>Da keine Like-Buttons oder andere Vernetzung mit sozialen Netzwerken verwendet werden, sind auch keine Cookies, die\u00a0 f\u00fcr diese Zwecke vorgesehen sind, zu bef\u00fcrchten.<\/li>\n<li>Sowohl WordPress (Software) als auch der Webseitenbetreiber (Hardware) bem\u00fchen sich, ihre Konformit\u00e4t mit der DSVOG kontinuierlich zu \u00fcberpr\u00fcfen und ggf. zu verbessern. In diesem Fall werden ich diese Seite aktualisieren.<\/li>\n<\/ul>\n","protected":false},"excerpt":{"rendered":"<p>Ein unregelm\u00e4\u00dfiger privater Blog \u00fcber Garten und K\u00fcche und Essen und Trinken. Impressum Herausgeber und inhaltlich Verantwortlicher gem\u00e4\u00df \u00a76 TDG, \u00a710 MDStV, V.i.S.d.P: Michael B\u00fchrer Rehrhofer Weg 4 D-29633 Munster Mail: mibu (at) merle-buehrer (dot) de Es ist nicht meine Absicht, andere zu \u00fcbervorteilen, verletzen oder in anderer Weise zu sch\u00e4digen. Falls ich in Ihren &#8230; <a title=\"About\" class=\"read-more\" href=\"https:\/\/merle-buehrer.de\/gs\/about\/\" aria-label=\"Mehr Informationen \u00fcber About\">Weiterlesen<\/a><\/p>\n","protected":false},"author":1,"featured_media":0,"parent":0,"menu_order":0,"comment_status":"closed","ping_status":"open","template":"","meta":{"footnotes":""},"class_list":["post-2","page","type-page","status-publish"],"_links":{"self":[{"href":"https:\/\/merle-buehrer.de\/gs\/wp-json\/wp\/v2\/pages\/2","targetHints":{"allow":["GET"]}}],"collection":[{"href":"https:\/\/merle-buehrer.de\/gs\/wp-json\/wp\/v2\/pages"}],"about":[{"href":"https:\/\/merle-buehrer.de\/gs\/wp-json\/wp\/v2\/types\/page"}],"author":[{"embeddable":true,"href":"https:\/\/merle-buehrer.de\/gs\/wp-json\/wp\/v2\/users\/1"}],"replies":[{"embeddable":true,"href":"https:\/\/merle-buehrer.de\/gs\/wp-json\/wp\/v2\/comments?post=2"}],"version-history":[{"count":4,"href":"https:\/\/merle-buehrer.de\/gs\/wp-json\/wp\/v2\/pages\/2\/revisions"}],"predecessor-version":[{"id":1298,"href":"https:\/\/merle-buehrer.de\/gs\/wp-json\/wp\/v2\/pages\/2\/revisions\/1298"}],"wp:attachment":[{"href":"https:\/\/merle-buehrer.de\/gs\/wp-json\/wp\/v2\/media?parent=2"}],"curies":[{"name":"wp","href":"https:\/\/api.w.org\/{rel}","templated":true}]}}