{"id":671,"date":"2012-06-29T13:09:32","date_gmt":"2012-06-29T12:09:32","guid":{"rendered":"http:\/\/www.merle-buehrer.de\/gs\/?p=671"},"modified":"2015-01-06T19:29:05","modified_gmt":"2015-01-06T18:29:05","slug":"was-gibts-heute-zu-essen","status":"publish","type":"page","link":"https:\/\/merle-buehrer.de\/gs\/was-gibts-heute-zu-essen\/","title":{"rendered":"Was gibts heute zu essen?"},"content":{"rendered":"<div>Rate mal<\/div>\n<div id=\"oygPuzzle\" style=\"width: 100%;\" align=\"center\"><\/div>\n<div style=\"width: 100%;\" align=\"center\">Wenn alles funktionieren w\u00fcrde, st\u00fcnde hier ein Kreuzwort-R\u00e4tsel<\/div>\n<p>&nbsp;<\/p>\n<div id=\"cwRecipe\">F\u00fcr zwei Personen br\u00e4t man eine <span id=\"cl3s\" class=\"cwHint\">3\u00a0senkrecht<\/span>zehe mit einer zerhackten getrockneten <span id=\"cl4s\" class=\"cwHint\">4\u00a0senkrecht<\/span>schote und einem Teel\u00f6ffel <span id=\"cl9s\" class=\"cwHint\">9\u00a0senkrecht<\/span> in Oliven<span id=\"cl5w\" class=\"cwHint\">5\u00a0waagrecht<\/span> an. Alles mit einer gro\u00dfen Dose <span id=\"cl2w\" class=\"cwHint\">2\u00a0waagrecht<\/span>n abl\u00f6schen und auf niedrigster Stufe k\u00f6cheln lassen. Die <span id=\"cl2w1\" class=\"cwHint\">2\u00a0waagrecht<\/span>n unbedingt ganz lassen, damit die Kerne in der Hitze keine Bitterstoffe entwickeln und das s\u00fc\u00dflich-fruchtige Aroma ruinieren, nur ab und zu mit dem L\u00f6ffel leicht bewegen und erst nach 45 Minuten zerteilen. Mit <span id=\"cl7s\" class=\"cwHint\">7\u00a0senkrecht<\/span> und einem Schuss <span id=\"cl8w\" class=\"cwHint\">8\u00a0waagrecht<\/span>oder Rotwein<span id=\"cl6s\" class=\"cwHint\">6\u00a0senkrecht<\/span> abschmecken und 15 Minuten weiterziehen lassen. Dann mit einem Schuss Oliven<span id=\"cl5w1\" class=\"cwHint\">5\u00a0waagrecht<\/span> und Parmesan zusammen mit al dente gekochten <span id=\"cl12w\" class=\"cwHint\">12\u00a0waagrecht<\/span> bzw. italienischer <span id=\"cl10w\" class=\"cwHint\">10\u00a0waagrecht<\/span> servieren.<br \/>\nSollte man die <span id=\"cl12w1\" class=\"cwHint\">12\u00a0waagrecht<\/span> wirklich selber machen wollen, dann braucht man noch 250\u00a0g <span id=\"cl1s\" class=\"cwHint\">1\u00a0senkrecht<\/span> und drei oder vier <span id=\"cl13w\" class=\"cwHint\">13\u00a0waagrecht<\/span>, ansonsten r\u00e4umt man diese Zutaten wieder weg, zusammen mit dem Rahm in <span id=\"cl11s\" class=\"cwHint\">11\u00a0senkrecht<\/span>; der hat sich hier nur verirrt.<\/div>\n<div id=\"cwMenu\">\n<ul>\n<li>Oh Gott! Das ist mir zu bl\u00f6d. Ich schau lieber mal, was <a href=\"http:\/\/lamiacucina.wordpress.com\">Robert<\/a> so kocht.<\/li>\n<li>Oh Gott! Das ist mir zu schwer. Bitte <a id=\"cwSolve\">aufl\u00f6sen<\/a>!<\/li>\n<li>Puh! Das ist ja leicht. Ich hab aber noch <a href=\"http:\/\/de.wikipedia.org\/wiki\/Mir%C3%A1coli\">Mir\u00e1coli<\/a> im Schrank<\/li>\n<\/ul>\n<\/div>\n<div id=\"cwSolved\" style=\"display: none;\">War doch nicht so schwer, oder? <strong>Tomatensauce nach Jamie Oliver &#8211; gut!<\/strong><\/div>\n","protected":false},"excerpt":{"rendered":"<p>Rate mal Wenn alles funktionieren w\u00fcrde, st\u00fcnde hier ein Kreuzwort-R\u00e4tsel &nbsp; F\u00fcr zwei Personen br\u00e4t man eine 3\u00a0senkrechtzehe mit einer zerhackten getrockneten 4\u00a0senkrechtschote und einem Teel\u00f6ffel 9\u00a0senkrecht in Oliven5\u00a0waagrecht an. Alles mit einer gro\u00dfen Dose 2\u00a0waagrechtn abl\u00f6schen und auf niedrigster Stufe k\u00f6cheln lassen. Die 2\u00a0waagrechtn unbedingt ganz lassen, damit die Kerne in der Hitze keine &#8230; <a title=\"Was gibts heute zu essen?\" class=\"read-more\" href=\"https:\/\/merle-buehrer.de\/gs\/was-gibts-heute-zu-essen\/\" aria-label=\"Mehr Informationen \u00fcber Was gibts heute zu essen?\">Weiterlesen<\/a><\/p>\n","protected":false},"author":1,"featured_media":0,"parent":0,"menu_order":0,"comment_status":"open","ping_status":"open","template":"","meta":{"footnotes":""},"class_list":["post-671","page","type-page","status-publish"],"_links":{"self":[{"href":"https:\/\/merle-buehrer.de\/gs\/wp-json\/wp\/v2\/pages\/671","targetHints":{"allow":["GET"]}}],"collection":[{"href":"https:\/\/merle-buehrer.de\/gs\/wp-json\/wp\/v2\/pages"}],"about":[{"href":"https:\/\/merle-buehrer.de\/gs\/wp-json\/wp\/v2\/types\/page"}],"author":[{"embeddable":true,"href":"https:\/\/merle-buehrer.de\/gs\/wp-json\/wp\/v2\/users\/1"}],"replies":[{"embeddable":true,"href":"https:\/\/merle-buehrer.de\/gs\/wp-json\/wp\/v2\/comments?post=671"}],"version-history":[{"count":22,"href":"https:\/\/merle-buehrer.de\/gs\/wp-json\/wp\/v2\/pages\/671\/revisions"}],"predecessor-version":[{"id":1867,"href":"https:\/\/merle-buehrer.de\/gs\/wp-json\/wp\/v2\/pages\/671\/revisions\/1867"}],"wp:attachment":[{"href":"https:\/\/merle-buehrer.de\/gs\/wp-json\/wp\/v2\/media?parent=671"}],"curies":[{"name":"wp","href":"https:\/\/api.w.org\/{rel}","templated":true}]}}